{"id":1647,"date":"2025-04-16T07:21:42","date_gmt":"2025-04-16T07:21:42","guid":{"rendered":"https:\/\/steeringrackchina.com\/es\/?page_id=1647"},"modified":"2025-05-07T11:44:03","modified_gmt":"2025-05-07T11:44:03","slug":"piezas-del-sistema-de-direccion-de-cremallera-y-pinon","status":"publish","type":"page","link":"https:\/\/steeringrackchina.com\/es\/piezas-del-sistema-de-direccion-de-cremallera-y-pinon\/","title":{"rendered":"Rack and Pinion Steering"},"content":{"rendered":"\t\t<div data-elementor-type=\"wp-page\" data-elementor-id=\"1647\" class=\"elementor elementor-1647\" data-elementor-post-type=\"page\">\n\t\t\t\t<div class=\"elementor-element elementor-element-438b628c e-con-full e-flex e-con e-parent\" data-id=\"438b628c\" data-element_type=\"container\" data-e-type=\"container\" data-settings=\"{&quot;background_background&quot;:&quot;classic&quot;}\">\n\t\t\t\t<div class=\"elementor-element elementor-element-7791594 elementor-widget elementor-widget-heading\" data-id=\"7791594\" data-element_type=\"widget\" data-e-type=\"widget\" data-widget_type=\"heading.default\">\n\t\t\t\t<div class=\"elementor-widget-container\">\n\t\t\t\t\t<h1 class=\"elementor-heading-title elementor-size-default\">Direcci\u00f3n de cremallera y pi\u00f1\u00f3n<\/h1>\t\t\t\t<\/div>\n\t\t\t\t<\/div>\n\t\t\t\t<\/div>\n\t\t<div class=\"elementor-element elementor-element-296301c e-flex e-con-boxed e-con e-parent\" data-id=\"296301c\" data-element_type=\"container\" data-e-type=\"container\">\n\t\t\t\t\t<div class=\"e-con-inner\">\n\t\t\t\t<div class=\"elementor-element elementor-element-f35a8a2 elementor-widget elementor-widget-text-editor\" data-id=\"f35a8a2\" data-element_type=\"widget\" data-e-type=\"widget\" data-widget_type=\"text-editor.default\">\n\t\t\t\t<div class=\"elementor-widget-container\">\n\t\t\t\t\t\t\t\t\t<h2><b>Partes del sistema de direcci\u00f3n de cremallera y pi\u00f1\u00f3n: esenciales para el rendimiento de su veh\u00edculo<\/b><\/h2><p>El sistema de direcci\u00f3n de cremallera y pi\u00f1\u00f3n es un componente crucial para lograr un control preciso y un manejo suave en los veh\u00edculos modernos. En Hangzhou Ocean | Steering Rack China (SRC), nos especializamos en la fabricaci\u00f3n de sistemas de cremallera y pi\u00f1\u00f3n de alta calidad para la industria automotriz del mercado de repuestos, garantizando un rendimiento duradero y confiable.<\/p>\t\t\t\t\t\t\t\t<\/div>\n\t\t\t\t<\/div>\n\t\t\t\t<div class=\"elementor-element elementor-element-b86c024 elementor-widget elementor-widget-text-editor\" data-id=\"b86c024\" data-element_type=\"widget\" data-e-type=\"widget\" data-widget_type=\"text-editor.default\">\n\t\t\t\t<div class=\"elementor-widget-container\">\n\t\t\t\t\t\t\t\t\t<h2>\u00bfQu\u00e9 es un sistema de direcci\u00f3n de cremallera y pi\u00f1\u00f3n?<\/h2><p>El sistema de direcci\u00f3n de cremallera y pi\u00f1\u00f3n convierte el movimiento rotatorio del volante en movimiento lineal, proporcionando un control directo y sensible sobre las ruedas del veh\u00edculo. Este sistema se utiliza com\u00fanmente en autom\u00f3viles de pasajeros, SUV y camionetas ligeras, ofreciendo una soluci\u00f3n m\u00e1s eficiente y rentable en comparaci\u00f3n con los mecanismos de direcci\u00f3n m\u00e1s antiguos.<\/p><h4>Componentes clave:<\/h4><ul><li aria-level=\"1\"><strong data-start=\"347\" data-end=\"362\">Cremallera:<\/strong> Una barra dentada que se mueve de izquierda a derecha para girar las ruedas.<\/li><li aria-level=\"1\"><strong data-start=\"442\" data-end=\"452\">Pi\u00f1\u00f3n:<\/strong> Un engranaje peque\u00f1o que engrana con la cremallera, convirtiendo la fuerza rotatoria del volante en movimiento lineal.<\/li><\/ul>\t\t\t\t\t\t\t\t<\/div>\n\t\t\t\t<\/div>\n\t\t\t\t\t<\/div>\n\t\t\t\t<\/div>\n\t\t<div class=\"elementor-element elementor-element-4f7716d e-flex e-con-boxed e-con e-parent\" data-id=\"4f7716d\" data-element_type=\"container\" data-e-type=\"container\">\n\t\t\t\t\t<div class=\"e-con-inner\">\n\t\t\t\t<div class=\"elementor-element elementor-element-5b9360c elementor-widget elementor-widget-text-editor\" data-id=\"5b9360c\" data-element_type=\"widget\" data-e-type=\"widget\" data-widget_type=\"text-editor.default\">\n\t\t\t\t<div class=\"elementor-widget-container\">\n\t\t\t\t\t\t\t\t\t<h2>Beneficios de los sistemas de direcci\u00f3n de cremallera y pi\u00f1\u00f3n<\/h2><ol><li style=\"font-weight: 400;\" aria-level=\"1\"><p><strong data-start=\"632\" data-end=\"654\">Direcci\u00f3n precisa:<\/strong> El dise\u00f1o permite una conducci\u00f3n suave y sensible, ofreciendo altos niveles de precisi\u00f3n.<\/p><\/li><li style=\"font-weight: 400;\" aria-level=\"1\"><p><strong data-start=\"747\" data-end=\"763\">Durabilidad:<\/strong> Con menos piezas, el sistema de cremallera y pi\u00f1\u00f3n requiere menos mantenimiento y est\u00e1 dise\u00f1ado para durar muchos a\u00f1os.<\/p><\/li><li style=\"font-weight: 400;\" aria-level=\"1\"><p><strong data-start=\"886\" data-end=\"906\">Dise\u00f1o compacto:<\/strong> Su dise\u00f1o eficiente en espacio permite adaptarse a veh\u00edculos modernos sin comprometer el rendimiento.<\/p><\/li><li style=\"font-weight: 400;\" aria-level=\"1\"><p><strong data-start=\"1011\" data-end=\"1028\">Rentabilidad:<\/strong> Como una opci\u00f3n confiable y asequible para el mercado de repuestos, los sistemas de direcci\u00f3n de cremallera y pi\u00f1\u00f3n ofrecen una excelente relaci\u00f3n calidad-precio.<\/p><\/li><\/ol>\t\t\t\t\t\t\t\t<\/div>\n\t\t\t\t<\/div>\n\t\t\t\t<div class=\"elementor-element elementor-element-4f4d5d7 elementor-align-left elementor-widget elementor-widget-button\" data-id=\"4f4d5d7\" data-element_type=\"widget\" data-e-type=\"widget\" data-widget_type=\"button.default\">\n\t\t\t\t<div class=\"elementor-widget-container\">\n\t\t\t\t\t\t\t\t\t<div class=\"elementor-button-wrapper\">\n\t\t\t\t\t<a class=\"elementor-button elementor-button-link elementor-size-sm\" href=\"https:\/\/steeringrackchina.com\/es\/\" target=\"_blank\">\n\t\t\t\t\t\t<span class=\"elementor-button-content-wrapper\">\n\t\t\t\t\t\t\t\t\t<span class=\"elementor-button-text\">\u00a1Adquiera su sistema de direcci\u00f3n hoy mismo!<\/span>\n\t\t\t\t\t<\/span>\n\t\t\t\t\t<\/a>\n\t\t\t\t<\/div>\n\t\t\t\t\t\t\t\t<\/div>\n\t\t\t\t<\/div>\n\t\t\t\t<div class=\"elementor-element elementor-element-2ce2e6c elementor-widget elementor-widget-text-editor\" data-id=\"2ce2e6c\" data-element_type=\"widget\" data-e-type=\"widget\" data-widget_type=\"text-editor.default\">\n\t\t\t\t<div class=\"elementor-widget-container\">\n\t\t\t\t\t\t\t\t\t<h2>Direcci\u00f3n asistida de cremallera y pi\u00f1\u00f3n para Audi: un ajuste perfecto para un alto rendimiento<\/h2><p>Para los veh\u00edculos Audi, contar con una direcci\u00f3n asistida de cremallera y pi\u00f1\u00f3n de alto rendimiento es crucial para garantizar una experiencia de conducci\u00f3n suave y sensible. Nuestra direcci\u00f3n asistida de cremallera y pi\u00f1\u00f3n para modelos Audi est\u00e1 espec\u00edficamente dise\u00f1ada para ofrecer un control superior, reducir el esfuerzo de direcci\u00f3n y mejorar la comodidad al conducir.<\/p><h4>Beneficios de la direcci\u00f3n asistida para Audi:<\/h4><ul><li style=\"font-weight: 400;\" aria-level=\"1\"><strong data-start=\"472\" data-end=\"503\">Mayor control de direcci\u00f3n:<\/strong> Con nuestros sistemas premium de direcci\u00f3n asistida de cremallera y pi\u00f1\u00f3n, los conductores de Audi experimentan mejor precisi\u00f3n en el manejo.<\/li><li style=\"font-weight: 400;\" aria-level=\"1\"><strong data-start=\"648\" data-end=\"668\">Mayor comodidad:<\/strong> El esfuerzo reducido al dirigir hace que la conducci\u00f3n sea m\u00e1s c\u00f3moda, especialmente en distancias largas.<\/li><li style=\"font-weight: 400;\" aria-level=\"1\"><strong data-start=\"778\" data-end=\"800\">Mayor durabilidad:<\/strong> Dise\u00f1ados para durar, nuestras piezas garantizan durabilidad y menos reemplazos.<\/li><\/ul>\t\t\t\t\t\t\t\t<\/div>\n\t\t\t\t<\/div>\n\t\t\t\t<div class=\"elementor-element elementor-element-647528f elementor-widget elementor-widget-text-editor\" data-id=\"647528f\" data-element_type=\"widget\" data-e-type=\"widget\" data-widget_type=\"text-editor.default\">\n\t\t\t\t<div class=\"elementor-widget-container\">\n\t\t\t\t\t\t\t\t\t<h2>Direcci\u00f3n asistida el\u00e9ctrica de cremallera y pi\u00f1\u00f3n: revolucionando los veh\u00edculos modernos<\/h2><p>El auge de la tecnolog\u00eda de direcci\u00f3n asistida el\u00e9ctrica (EPS) ha transformado la experiencia de conducci\u00f3n, haciendo que los veh\u00edculos sean a\u00fan m\u00e1s sensibles y eficientes en cuanto a energ\u00eda. Nuestros sistemas de direcci\u00f3n asistida el\u00e9ctrica de cremallera y pi\u00f1\u00f3n proporcionan una mejor eficiencia de combustible y una experiencia de direcci\u00f3n m\u00e1s intuitiva y sin esfuerzo, perfectos para la \u00faltima generaci\u00f3n de veh\u00edculos.<\/p><h4>Ventajas clave de la direcci\u00f3n asistida el\u00e9ctrica:<\/h4><ol><li style=\"font-weight: 400;\" aria-level=\"1\"><strong data-start=\"475\" data-end=\"505\">Eficiencia de combustible:<\/strong> A diferencia de los sistemas hidr\u00e1ulicos tradicionales, los sistemas de direcci\u00f3n el\u00e9ctrica consumen menos energ\u00eda del motor, mejorando la econom\u00eda de combustible.<\/li><li style=\"font-weight: 400;\" aria-level=\"1\"><strong data-start=\"672\" data-end=\"689\">Mejor manejo:<\/strong> Ofrece una sensaci\u00f3n m\u00e1s ligera y sensible en comparaci\u00f3n con la direcci\u00f3n manual, con esfuerzo de direcci\u00f3n variable.<\/li><li style=\"font-weight: 400;\" aria-level=\"1\"><strong data-start=\"811\" data-end=\"835\">Menos mantenimiento:<\/strong> Menos piezas m\u00f3viles significan menores costos de mantenimiento a lo largo del tiempo.<\/li><\/ol>\t\t\t\t\t\t\t\t<\/div>\n\t\t\t\t<\/div>\n\t\t\t\t<div class=\"elementor-element elementor-element-155b146 elementor-widget elementor-widget-text-editor\" data-id=\"155b146\" data-element_type=\"widget\" data-e-type=\"widget\" data-widget_type=\"text-editor.default\">\n\t\t\t\t<div class=\"elementor-widget-container\">\n\t\t\t\t\t\t\t\t\t<h3 data-start=\"198\" data-end=\"276\"><strong data-start=\"213\" data-end=\"276\">\u00bfPor qu\u00e9 elegir Hangzhou Ocean | Steering Rack China (SRC)?<\/strong><\/h3><p class=\"\" data-start=\"863\" data-end=\"1204\">En Hangzhou Ocean | Steering Rack China (SRC), estamos comprometidos a proporcionar las piezas de sistema de direcci\u00f3n de cremallera y pi\u00f1\u00f3n de la m\u00e1s alta calidad tanto para aplicaciones de repuesto como OEM. Nuestros productos pasan por rigurosas pruebas para asegurar que cumplen con los m\u00e1s altos est\u00e1ndares de durabilidad y rendimiento.<\/p><ul><li data-start=\"1206\" data-end=\"1756\"><strong data-start=\"1206\" data-end=\"1230\">Fabricaci\u00f3n experta:<\/strong> Nuestros sistemas de cremallera y pi\u00f1\u00f3n est\u00e1n dise\u00f1ados para durar, asegurando un rendimiento confiable incluso en las condiciones m\u00e1s exigentes.<\/li><li data-start=\"1206\" data-end=\"1756\"><strong data-start=\"1379\" data-end=\"1396\">Env\u00edo global:<\/strong> Enviamos nuestras piezas de direcci\u00f3n de cremallera y pi\u00f1\u00f3n a todo el mundo, asegurando una entrega puntual e integraci\u00f3n sin problemas en su veh\u00edculo.<\/li><li data-start=\"1206\" data-end=\"1756\"><strong data-start=\"1551\" data-end=\"1580\">Satisfacci\u00f3n del cliente:<\/strong> Con un enfoque en la calidad y el servicio al cliente, nos aseguramos de que cada sistema de direcci\u00f3n que proporcionamos cumpla con sus necesidades y supere las expectativas.<\/li><\/ul>\t\t\t\t\t\t\t\t<\/div>\n\t\t\t\t<\/div>\n\t\t\t\t<div class=\"elementor-element elementor-element-bdb607f elementor-widget elementor-widget-text-editor\" data-id=\"bdb607f\" data-element_type=\"widget\" data-e-type=\"widget\" data-widget_type=\"text-editor.default\">\n\t\t\t\t<div class=\"elementor-widget-container\">\n\t\t\t\t\t\t\t\t\t<h3>Cont\u00e1ctenos para sistemas de direcci\u00f3n de cremallera y pi\u00f1\u00f3n de alta calidad<\/h3><p><span style=\"font-weight: 400;\">Si est\u00e1 buscando un sistema de direcci\u00f3n de cremallera y pi\u00f1\u00f3n confiable o un sistema de direcci\u00f3n asistida de cremallera y pi\u00f1\u00f3n para su veh\u00edculo, comun\u00edquese con Hangzhou Ocean | Steering Rack China (SRC) hoy mismo. Ofrecemos sistemas de alta calidad para Audi, otras marcas populares y una amplia gama de veh\u00edculos. P\u00f3ngase en contacto para obtener m\u00e1s informaci\u00f3n o realizar un pedido.<br \/><\/span><span style=\"font-weight: 400;\"><br \/><\/span><a href=\"\/es\/contactenos\/\" target=\"_blank\" rel=\"noopener\">\u00a1Cont\u00e1ctenos hoy mismo<\/a> para soluciones de direcci\u00f3n de alto rendimiento!<\/p>\t\t\t\t\t\t\t\t<\/div>\n\t\t\t\t<\/div>\n\t\t\t\t\t<\/div>\n\t\t\t\t<\/div>\n\t\t\t\t<\/div>\n\t\t","protected":false},"excerpt":{"rendered":"<p>Direcci\u00f3n de cremallera y pi\u00f1\u00f3n Partes del sistema de direcci\u00f3n de cremallera y pi\u00f1\u00f3n: esenciales para el rendimiento de su veh\u00edculo El sistema de direcci\u00f3n de cremallera y pi\u00f1\u00f3n es un componente crucial para lograr un control preciso y un manejo suave en los veh\u00edculos modernos. En Hangzhou Ocean | Steering Rack China (SRC), nos [&hellip;]<\/p>\n","protected":false},"author":1,"featured_media":0,"parent":0,"menu_order":0,"comment_status":"closed","ping_status":"closed","template":"","meta":{"footnotes":""},"class_list":["post-1647","page","type-page","status-publish","hentry"],"_links":{"self":[{"href":"https:\/\/steeringrackchina.com\/es\/wp-json\/wp\/v2\/pages\/1647","targetHints":{"allow":["GET"]}}],"collection":[{"href":"https:\/\/steeringrackchina.com\/es\/wp-json\/wp\/v2\/pages"}],"about":[{"href":"https:\/\/steeringrackchina.com\/es\/wp-json\/wp\/v2\/types\/page"}],"author":[{"embeddable":true,"href":"https:\/\/steeringrackchina.com\/es\/wp-json\/wp\/v2\/users\/1"}],"replies":[{"embeddable":true,"href":"https:\/\/steeringrackchina.com\/es\/wp-json\/wp\/v2\/comments?post=1647"}],"version-history":[{"count":44,"href":"https:\/\/steeringrackchina.com\/es\/wp-json\/wp\/v2\/pages\/1647\/revisions"}],"predecessor-version":[{"id":2504,"href":"https:\/\/steeringrackchina.com\/es\/wp-json\/wp\/v2\/pages\/1647\/revisions\/2504"}],"wp:attachment":[{"href":"https:\/\/steeringrackchina.com\/es\/wp-json\/wp\/v2\/media?parent=1647"}],"curies":[{"name":"wp","href":"https:\/\/api.w.org\/{rel}","templated":true}]}}