{"id":1138,"date":"2025-03-13T11:50:41","date_gmt":"2025-03-13T11:50:41","guid":{"rendered":"https:\/\/steeringrackchina.com\/es\/?page_id=1138"},"modified":"2025-05-09T05:25:14","modified_gmt":"2025-05-09T05:25:14","slug":"sobre-nosotros","status":"publish","type":"page","link":"https:\/\/steeringrackchina.com\/es\/sobre-nosotros\/","title":{"rendered":"About Us"},"content":{"rendered":"\t\t<div data-elementor-type=\"wp-page\" data-elementor-id=\"1138\" class=\"elementor elementor-1138\" data-elementor-post-type=\"page\">\n\t\t\t\t<div class=\"elementor-element elementor-element-438b628c e-con-full e-flex e-con e-parent\" data-id=\"438b628c\" data-element_type=\"container\" data-e-type=\"container\" data-settings=\"{&quot;background_background&quot;:&quot;classic&quot;}\">\n\t\t\t\t<div class=\"elementor-element elementor-element-7791594 elementor-widget elementor-widget-heading\" data-id=\"7791594\" data-element_type=\"widget\" data-e-type=\"widget\" data-widget_type=\"heading.default\">\n\t\t\t\t<div class=\"elementor-widget-container\">\n\t\t\t\t\t<h1 class=\"elementor-heading-title elementor-size-default\">Sobre Nosotros<\/h1>\t\t\t\t<\/div>\n\t\t\t\t<\/div>\n\t\t\t\t<\/div>\n\t\t<div class=\"elementor-element elementor-element-296301c e-flex e-con-boxed e-con e-parent\" data-id=\"296301c\" data-element_type=\"container\" data-e-type=\"container\">\n\t\t\t\t\t<div class=\"e-con-inner\">\n\t\t\t\t<div class=\"elementor-element elementor-element-f35a8a2 elementor-widget elementor-widget-text-editor\" data-id=\"f35a8a2\" data-element_type=\"widget\" data-e-type=\"widget\" data-widget_type=\"text-editor.default\">\n\t\t\t\t<div class=\"elementor-widget-container\">\n\t\t\t\t\t\t\t\t\t<p><b>Hangzhou Ocean \u2013 Innovaci\u00f3n en Direcci\u00f3n con Experiencia e Integridad<\/b><\/p><p><span style=\"font-weight: 400;\">Fundada en 2021, Hangzhou Ocean, operando bajo la marca Steering Rack China (SRC), es un fabricante confiable de soluciones premium de direcci\u00f3n para el mercado de repuestos. Con sede en Hangzhou, China, nuestra misi\u00f3n es ofrecer productos de direcci\u00f3n de precisi\u00f3n que cumplan con los est\u00e1ndares globales de calidad, rendimiento y durabilidad.<\/span><\/p><p><span style=\"font-weight: 400;\">Con una moderna planta de producci\u00f3n de 20,000 m\u00b2 y m\u00e1s de 250 profesionales calificados, nos especializamos en el dise\u00f1o, desarrollo y fabricaci\u00f3n de sistemas de direcci\u00f3n compatibles con una amplia gama de veh\u00edculos de pasajeros y comerciales. Nuestro compromiso con la innovaci\u00f3n y el control de calidad estricto garantiza que nuestros clientes reciban productos que funcionan de manera confiable en condiciones reales.<\/span><\/p>\t\t\t\t\t\t\t\t<\/div>\n\t\t\t\t<\/div>\n\t\t\t\t\t<\/div>\n\t\t\t\t<\/div>\n\t\t<div class=\"elementor-element elementor-element-4f7716d e-flex e-con-boxed e-con e-parent\" data-id=\"4f7716d\" data-element_type=\"container\" data-e-type=\"container\">\n\t\t\t\t\t<div class=\"e-con-inner\">\n\t\t\t\t<div class=\"elementor-element elementor-element-5b9360c elementor-widget elementor-widget-text-editor\" data-id=\"5b9360c\" data-element_type=\"widget\" data-e-type=\"widget\" data-widget_type=\"text-editor.default\">\n\t\t\t\t<div class=\"elementor-widget-container\">\n\t\t\t\t\t\t\t\t\t<p><b>\u00bfPor qu\u00e9 elegir la direcci\u00f3n de repuesto de SRC?<\/b><\/p><p><span style=\"font-weight: 400;\">\ud83d\udd27 <\/span><b>Ingenier\u00eda de Precisi\u00f3n<\/b><span style=\"font-weight: 400;\"> \u2013 Cada producto est\u00e1 dise\u00f1ado para ofrecer un manejo superior, estabilidad y control, garantizando una experiencia de conducci\u00f3n suave y segura.<\/span><span style=\"font-weight: 400;\"><br \/><\/span><span style=\"font-weight: 400;\"> \ud83d\udd12 <\/span><b>Durabilidad Confiable<\/b><span style=\"font-weight: 400;\"> \u2013 Fabricados con materiales de primera calidad y rigurosamente probados, nuestros sistemas de direcci\u00f3n est\u00e1n hechos para resistir condiciones extremas de carretera y clima.<\/span><span style=\"font-weight: 400;\"><br \/><\/span><span style=\"font-weight: 400;\"> \ud83d\ude97 <\/span><b>Amplia Compatibilidad<\/b><span style=\"font-weight: 400;\"> \u2013 Apoyamos una gran variedad de marcas y modelos de veh\u00edculos, brindando soluciones vers\u00e1tiles para mec\u00e1nicos, revendedores y centros de servicio automotriz.<\/span><span style=\"font-weight: 400;\"><br \/><\/span><span style=\"font-weight: 400;\"> \ud83d\udca1 <\/span><b>F\u00e1cil Instalaci\u00f3n y Eficiencia de Costos<\/b><span style=\"font-weight: 400;\"> \u2013 Dise\u00f1adas para reemplazo directo, nuestras piezas reducen el tiempo y costo de instalaci\u00f3n manteniendo el rendimiento de nivel OEM.<\/span><\/p>\t\t\t\t\t\t\t\t<\/div>\n\t\t\t\t<\/div>\n\t\t\t\t<div class=\"elementor-element elementor-element-aef4d81 elementor-widget elementor-widget-text-editor\" data-id=\"aef4d81\" data-element_type=\"widget\" data-e-type=\"widget\" data-widget_type=\"text-editor.default\">\n\t\t\t\t<div class=\"elementor-widget-container\">\n\t\t\t\t\t\t\t\t\t<p><b>Confiabilidad Mundial \u2013 Un Nombre en el que Puede Confiar<\/b><\/p><p><span style=\"font-weight: 400;\">En Hangzhou Ocean, mantenemos los principios de calidad, confiabilidad y atenci\u00f3n al cliente. Nuestros productos son confiables para profesionales de reparaci\u00f3n automotriz, mayoristas y distribuidores en mercados clave de Asia, Europa, Am\u00e9rica y Medio Oriente. Ya sea que est\u00e9 buscando un proveedor confiable o quiera ampliar su l\u00ednea de productos, SRC es su socio estrat\u00e9gico global.<\/span><\/p><p><span style=\"font-weight: 400;\">\ud83c\udf10 <\/span><b>Alcance Global<\/b><span style=\"font-weight: 400;\"> \u2013 Env\u00edos r\u00e1pidos y eficientes a mercados internacionales.<\/span><span style=\"font-weight: 400;\"><br \/><\/span><span style=\"font-weight: 400;\"> \ud83c\udfed <\/span><b>Fabricaci\u00f3n de Vanguardia<\/b><span style=\"font-weight: 400;\"> \u2013 Sistemas de producci\u00f3n avanzados que garantizan excelencia constante.<\/span><span style=\"font-weight: 400;\"><br \/><\/span><span style=\"font-weight: 400;\"> \u2705 <\/span><b>Calidad Certificada<\/b><span style=\"font-weight: 400;\"> \u2013 Cumple con est\u00e1ndares internacionales y cuenta con I+D y pruebas de productos continuas.<\/span><\/p>\t\t\t\t\t\t\t\t<\/div>\n\t\t\t\t<\/div>\n\t\t\t\t<div class=\"elementor-element elementor-element-de79c48 elementor-widget elementor-widget-text-editor\" data-id=\"de79c48\" data-element_type=\"widget\" data-e-type=\"widget\" data-widget_type=\"text-editor.default\">\n\t\t\t\t<div class=\"elementor-widget-container\">\n\t\t\t\t\t\t\t\t\t<p><b>As\u00f3ciese con Hangzhou Ocean<\/b><\/p><p><span style=\"font-weight: 400;\">\u00bfBusca direcci\u00f3n de repuesto premium con confiabilidad comprobada y soporte global? Descubra la gama completa de productos SRC hoy. Construyamos alianzas duraderas basadas en rendimiento, confianza e innovaci\u00f3n.<\/span><\/p><p><span style=\"font-weight: 400;\">\ud83d\udcde <\/span><a href=\"\/es\/contactenos\/\" target=\"_blank\" rel=\"noopener\"><b>Cont\u00e1ctenos ahora<\/b><\/a><span style=\"font-weight: 400;\"> para solicitar una cotizaci\u00f3n o saber m\u00e1s sobre c\u00f3mo convertirse en distribuidor.<\/span><\/p>\t\t\t\t\t\t\t\t<\/div>\n\t\t\t\t<\/div>\n\t\t\t\t\t<\/div>\n\t\t\t\t<\/div>\n\t\t\t\t<\/div>\n\t\t","protected":false},"excerpt":{"rendered":"<p>Sobre Nosotros Hangzhou Ocean \u2013 Innovaci\u00f3n en Direcci\u00f3n con Experiencia e Integridad Fundada en 2021, Hangzhou Ocean, operando bajo la marca Steering Rack China (SRC), es un fabricante confiable de soluciones premium de direcci\u00f3n para el mercado de repuestos. Con sede en Hangzhou, China, nuestra misi\u00f3n es ofrecer productos de direcci\u00f3n de precisi\u00f3n que cumplan [&hellip;]<\/p>\n","protected":false},"author":1,"featured_media":0,"parent":0,"menu_order":0,"comment_status":"closed","ping_status":"closed","template":"","meta":{"footnotes":""},"class_list":["post-1138","page","type-page","status-publish","hentry"],"_links":{"self":[{"href":"https:\/\/steeringrackchina.com\/es\/wp-json\/wp\/v2\/pages\/1138","targetHints":{"allow":["GET"]}}],"collection":[{"href":"https:\/\/steeringrackchina.com\/es\/wp-json\/wp\/v2\/pages"}],"about":[{"href":"https:\/\/steeringrackchina.com\/es\/wp-json\/wp\/v2\/types\/page"}],"author":[{"embeddable":true,"href":"https:\/\/steeringrackchina.com\/es\/wp-json\/wp\/v2\/users\/1"}],"replies":[{"embeddable":true,"href":"https:\/\/steeringrackchina.com\/es\/wp-json\/wp\/v2\/comments?post=1138"}],"version-history":[{"count":34,"href":"https:\/\/steeringrackchina.com\/es\/wp-json\/wp\/v2\/pages\/1138\/revisions"}],"predecessor-version":[{"id":2516,"href":"https:\/\/steeringrackchina.com\/es\/wp-json\/wp\/v2\/pages\/1138\/revisions\/2516"}],"wp:attachment":[{"href":"https:\/\/steeringrackchina.com\/es\/wp-json\/wp\/v2\/media?parent=1138"}],"curies":[{"name":"wp","href":"https:\/\/api.w.org\/{rel}","templated":true}]}}